{"id":562,"date":"2019-06-24T21:39:30","date_gmt":"2019-06-24T21:39:30","guid":{"rendered":"https:\/\/szikvizalkatresz.hu\/?post_type=product&#038;p=562"},"modified":"2021-02-12T10:35:50","modified_gmt":"2021-02-12T10:35:50","slug":"nyakgumi-uveges-fejhez","status":"publish","type":"product","link":"https:\/\/szikvizalkatresz.hu\/en\/product\/nyakgumi-uveges-fejhez\/","title":{"rendered":"28. Rubber ring for glass bottle"},"content":{"rendered":"","protected":false},"excerpt":{"rendered":"<p>Request a quote<\/p>\n<p>Anyag:\t\tgumihat\u00e1s\u00fa \u00e9lelmiszeripari m\u0171szaki m\u0171anyag<br \/>\nColor: mauve<\/p>\n<div class=\"read-more\"><a href=\"https:\/\/szikvizalkatresz.hu\/en\/product\/nyakgumi-uveges-fejhez\/\" data-no-translation=\"\" data-trp-gettext=\"\">Read more &#8250;<\/a><\/div>\n<p><!-- end of .read-more --><\/p>","protected":false},"featured_media":563,"comment_status":"open","ping_status":"closed","template":"","meta":[],"product_cat":[29,47,100],"product_tag":[63,64],"class_list":["post-562","product","type-product","status-publish","has-post-thumbnail","hentry","product_cat-alkatresz-szikvizkesziteshez","product_cat-fej","product_cat-szodasuveg","product_tag-alkatresz","product_tag-szikvizkeszites"],"aioseo_notices":[],"_links":{"self":[{"href":"https:\/\/szikvizalkatresz.hu\/en\/wp-json\/wp\/v2\/product\/562","targetHints":{"allow":["GET"]}}],"collection":[{"href":"https:\/\/szikvizalkatresz.hu\/en\/wp-json\/wp\/v2\/product"}],"about":[{"href":"https:\/\/szikvizalkatresz.hu\/en\/wp-json\/wp\/v2\/types\/product"}],"replies":[{"embeddable":true,"href":"https:\/\/szikvizalkatresz.hu\/en\/wp-json\/wp\/v2\/comments?post=562"}],"wp:featuredmedia":[{"embeddable":true,"href":"https:\/\/szikvizalkatresz.hu\/en\/wp-json\/wp\/v2\/media\/563"}],"wp:attachment":[{"href":"https:\/\/szikvizalkatresz.hu\/en\/wp-json\/wp\/v2\/media?parent=562"}],"wp:term":[{"taxonomy":"product_cat","embeddable":true,"href":"https:\/\/szikvizalkatresz.hu\/en\/wp-json\/wp\/v2\/product_cat?post=562"},{"taxonomy":"product_tag","embeddable":true,"href":"https:\/\/szikvizalkatresz.hu\/en\/wp-json\/wp\/v2\/product_tag?post=562"}],"curies":[{"name":"wp","href":"https:\/\/api.w.org\/{rel}","templated":true}]}}