{"id":541,"date":"2019-06-24T17:50:54","date_gmt":"2019-06-24T17:50:54","guid":{"rendered":"https:\/\/szikvizalkatresz.hu\/?post_type=product&#038;p=541"},"modified":"2021-02-12T10:34:01","modified_gmt":"2021-02-12T10:34:01","slug":"uveg-1l-hasznalt-muanyag-fejjel","status":"publish","type":"product","link":"https:\/\/szikvizalkatresz.hu\/en\/product\/uveg-1l-hasznalt-muanyag-fejjel\/","title":{"rendered":"21. 1L glass soda bottle (reconditioined) with plastic head"},"content":{"rendered":"","protected":false},"excerpt":{"rendered":"<p>Request a quote<\/p>\n<p>Material: glass, glass tube, plastic head<br \/>\nColor: clear glass, with blue, red or graphite head<br \/>\nAdditional info: pressure tested bottles from Orosh\u00e1za and Salg\u00f3tarj\u00e1n<\/p>\n<div class=\"read-more\"><a href=\"https:\/\/szikvizalkatresz.hu\/en\/product\/uveg-1l-hasznalt-muanyag-fejjel\/\" data-no-translation=\"\" data-trp-gettext=\"\">Read more &#8250;<\/a><\/div>\n<p><!-- end of .read-more --><\/p>","protected":false},"featured_media":542,"comment_status":"open","ping_status":"closed","template":"","meta":[],"product_cat":[29,100],"product_tag":[63,64,102],"class_list":["post-541","product","type-product","status-publish","has-post-thumbnail","hentry","product_cat-alkatresz-szikvizkesziteshez","product_cat-szodasuveg","product_tag-alkatresz","product_tag-szikvizkeszites","product_tag-szodasuveg"],"aioseo_notices":[],"_links":{"self":[{"href":"https:\/\/szikvizalkatresz.hu\/en\/wp-json\/wp\/v2\/product\/541","targetHints":{"allow":["GET"]}}],"collection":[{"href":"https:\/\/szikvizalkatresz.hu\/en\/wp-json\/wp\/v2\/product"}],"about":[{"href":"https:\/\/szikvizalkatresz.hu\/en\/wp-json\/wp\/v2\/types\/product"}],"replies":[{"embeddable":true,"href":"https:\/\/szikvizalkatresz.hu\/en\/wp-json\/wp\/v2\/comments?post=541"}],"wp:featuredmedia":[{"embeddable":true,"href":"https:\/\/szikvizalkatresz.hu\/en\/wp-json\/wp\/v2\/media\/542"}],"wp:attachment":[{"href":"https:\/\/szikvizalkatresz.hu\/en\/wp-json\/wp\/v2\/media?parent=541"}],"wp:term":[{"taxonomy":"product_cat","embeddable":true,"href":"https:\/\/szikvizalkatresz.hu\/en\/wp-json\/wp\/v2\/product_cat?post=541"},{"taxonomy":"product_tag","embeddable":true,"href":"https:\/\/szikvizalkatresz.hu\/en\/wp-json\/wp\/v2\/product_tag?post=541"}],"curies":[{"name":"wp","href":"https:\/\/api.w.org\/{rel}","templated":true}]}}