{"id":34,"date":"2018-08-04T21:38:42","date_gmt":"2018-08-04T21:38:42","guid":{"rendered":"https:\/\/szikvizalkatresz.hu\/?page_id=34"},"modified":"2022-04-03T11:40:16","modified_gmt":"2022-04-03T11:40:16","slug":"home","status":"publish","type":"page","link":"https:\/\/szikvizalkatresz.hu\/en\/home\/","title":{"rendered":"Home"},"content":{"rendered":"<div id=\"content_box\" class=\"grid col-1160\">\n<div id=\"kezdolap\"><\/div>\n<div id=\"metaslider-id-21\" style=\"max-width: 1160px;\" class=\"ml-slider-3-28-2 metaslider metaslider-flex metaslider-21 ml-slider slider-13 nav-hidden\">\n    <div id=\"metaslider_container_21\">\n        <div id=\"metaslider_21\">\n            <ul aria-live=\"polite\" class=\"slides\">\n                <li style=\"display: block; width: 100%;\" class=\"slide-67 ms-image\"><img loading=\"lazy\" decoding=\"async\" src=\"https:\/\/szikvizalkatresz.hu\/wp-content\/uploads\/2023\/01\/SLIDER-ENGLISH-e1673477753566.png\" height=\"511\" width=\"1160\" alt=\"Alkatr\u00e9szek szikv\u00edzk\u00e9sz\u00edt\u00e9shez\" class=\"slider-21 slide-67\" title=\"Gy\u00f6r\u00f6k Ltd.\" \/><\/li>\n            <\/ul>\n        <\/div>\n        \n    <\/div>\n<\/div>\n<div class=\"clr\"><\/div>\n<div id=\"divider\"><\/div>\n<\/div>\n<p style=\"margin: 0px;\"><!-- KEZD\u0150LAP --><\/p>\n<p style=\"margin: 0px;\"><!-- R\u00d3LUNK--><\/p>\n<div id=\"content_box\" class=\"grid col-1160\">\n<div id=\"rolunk\"><\/div>\n<div class=\"container-rolunk\">\n<div id=\"rolunk_left\" class=\"grid col-620\"><img loading=\"lazy\" decoding=\"async\" class=\"alignnone wp-image-2554 size-full\" src=\"https:\/\/szikvizalkatresz.hu\/wp-content\/uploads\/2022\/04\/csarnok2-1.png\" alt=\"gyorok kft\" width=\"685\" height=\"511\" srcset=\"https:\/\/szikvizalkatresz.hu\/wp-content\/uploads\/2022\/04\/csarnok2-1.png 685w, https:\/\/szikvizalkatresz.hu\/wp-content\/uploads\/2022\/04\/csarnok2-1-300x224.png 300w, https:\/\/szikvizalkatresz.hu\/wp-content\/uploads\/2022\/04\/csarnok2-1-100x75.png 100w, https:\/\/szikvizalkatresz.hu\/wp-content\/uploads\/2022\/04\/csarnok2-1-150x112.png 150w, https:\/\/szikvizalkatresz.hu\/wp-content\/uploads\/2022\/04\/csarnok2-1-200x149.png 200w, https:\/\/szikvizalkatresz.hu\/wp-content\/uploads\/2022\/04\/csarnok2-1-450x336.png 450w, https:\/\/szikvizalkatresz.hu\/wp-content\/uploads\/2022\/04\/csarnok2-1-600x448.png 600w\" sizes=\"auto, (max-width: 685px) 100vw, 685px\" \/><\/div>\n<div id=\"rolunk_right\" class=\"grid col-620\">\n<div class=\"inner\">\n<div id=\"text-rolunk\" style=\"height: auto;\">\n<div class=\"rolunk\">\n<h1>ABOUT US<\/h1>\n<\/div>\n<p>Gy\u00f6r\u00f6k Kft. has been in the seltzer water production industry since 1968.<br \/>\nThe PET bottle that emerged in the water industry in the 90s has revolutionized the production of sparkling water, and an enormous development has begun.<br \/>\nOur company realized the potential in the new trend and has been manufacturing and distributing seltzer water related products and components since then.<br \/>\nWe also use our products in our seltzer water company, so they are under continuous testing. The competitive situation on the market requires constant improvement and pursuit of the highest quality. The goal of Gy\u00f6r\u00f6k Ltd is to win and keep customer satisfaction by selling quality products.<br \/>\nOur warehouse is happy to serve the dear customers by personal pick-up, by postal delivery or in case of large orders by home delivery.<\/p>\n<\/div>\n<\/div>\n<\/div>\n<\/div>\n<div class=\"clr\"><\/div>\n<div id=\"divider\"><\/div>\n<div id=\"container2\">\n<div class=\"img-container\"><img loading=\"lazy\" decoding=\"async\" class=\"size-full wp-image-225\" src=\"https:\/\/szikvizalkatresz.hu\/wp-content\/uploads\/2018\/08\/szoda1.png\" alt=\"\" width=\"700\" height=\"650\" \/><\/div>\n<div class=\"img-container_center\"><img loading=\"lazy\" decoding=\"async\" class=\"size-full wp-image-225\" src=\"https:\/\/szikvizalkatresz.hu\/wp-content\/uploads\/2021\/02\/termekek-ballonos-vizhez.png\" alt=\"\" width=\"700\" height=\"650\" \/><\/div>\n<div class=\"img-container_right\"><img loading=\"lazy\" decoding=\"async\" class=\"size-full wp-image-225\" src=\"https:\/\/szikvizalkatresz.hu\/wp-content\/uploads\/2021\/02\/kezd\u0151lap-fot\u00f3.png\" alt=\"\" width=\"700\" height=\"650\" \/><\/div>\n<\/div>\n<div class=\"clr\"><\/div>\n<div id=\"divider_smaller\"><\/div>\n<div id=\"container2\">\n<div class=\"link-container\">\n<h1>Products for soda water making<\/h1>\n<\/div>\n<div class=\"link-container_center\">\n<h1>Products for 19L water bottle<\/h1>\n<\/div>\n<div class=\"link-container_right\">\n<h1>Water filler machines and spare parts<\/h1>\n<\/div>\n<\/div>\n<\/div>\n<div class=\"clr\"><\/div>\n<div id=\"divider\"><\/div>","protected":false},"excerpt":{"rendered":"<p>ABOUT US Gy\u00f6r\u00f6k Kft. has been in the seltzer water production industry since 1968. The PET bottle that emerged in the water industry in the 90s has revolutionized the production of sparkling water, and an enormous development has begun. Our<span class=\"ellipsis\">&hellip;<\/span><\/p>\n<div class=\"read-more\"><a href=\"https:\/\/szikvizalkatresz.hu\/en\/home\/\" data-no-translation=\"\" data-trp-gettext=\"\">Read more &#8250;<\/a><\/div>\n<p><!-- end of .read-more --><\/p>","protected":false},"author":1,"featured_media":0,"parent":0,"menu_order":0,"comment_status":"closed","ping_status":"closed","template":"full-width-page.php","meta":{"footnotes":""},"class_list":["post-34","page","type-page","status-publish","hentry"],"aioseo_notices":[],"_links":{"self":[{"href":"https:\/\/szikvizalkatresz.hu\/en\/wp-json\/wp\/v2\/pages\/34","targetHints":{"allow":["GET"]}}],"collection":[{"href":"https:\/\/szikvizalkatresz.hu\/en\/wp-json\/wp\/v2\/pages"}],"about":[{"href":"https:\/\/szikvizalkatresz.hu\/en\/wp-json\/wp\/v2\/types\/page"}],"author":[{"embeddable":true,"href":"https:\/\/szikvizalkatresz.hu\/en\/wp-json\/wp\/v2\/users\/1"}],"replies":[{"embeddable":true,"href":"https:\/\/szikvizalkatresz.hu\/en\/wp-json\/wp\/v2\/comments?post=34"}],"version-history":[{"count":12,"href":"https:\/\/szikvizalkatresz.hu\/en\/wp-json\/wp\/v2\/pages\/34\/revisions"}],"predecessor-version":[{"id":2602,"href":"https:\/\/szikvizalkatresz.hu\/en\/wp-json\/wp\/v2\/pages\/34\/revisions\/2602"}],"wp:attachment":[{"href":"https:\/\/szikvizalkatresz.hu\/en\/wp-json\/wp\/v2\/media?parent=34"}],"curies":[{"name":"wp","href":"https:\/\/api.w.org\/{rel}","templated":true}]}}