{"id":11,"date":"2018-08-04T20:16:42","date_gmt":"2018-08-04T20:16:42","guid":{"rendered":"https:\/\/szikvizalkatresz.hu\/?page_id=11"},"modified":"2022-04-03T11:59:16","modified_gmt":"2022-04-03T11:59:16","slug":"kezdolap","status":"publish","type":"page","link":"https:\/\/szikvizalkatresz.hu\/en\/","title":{"rendered":"Home"},"content":{"rendered":"<p style=\"margin: 0px;\"><!-- KEZD\u0150LAP --><\/p>\n<div id=\"content_box\" class=\"grid col-1160\">\n<div id=\"kezdolap\"><\/div>\n<div id=\"metaslider-id-21\" style=\"max-width: 1160px;\" class=\"ml-slider-3-28-2 metaslider metaslider-flex metaslider-21 ml-slider slider-13 nav-hidden\">\n    <div id=\"metaslider_container_21\">\n        <div id=\"metaslider_21\">\n            <ul aria-live=\"polite\" class=\"slides\">\n                <li style=\"display: block; width: 100%;\" class=\"slide-67 ms-image\"><img loading=\"lazy\" decoding=\"async\" src=\"https:\/\/szikvizalkatresz.hu\/wp-content\/uploads\/2023\/01\/SLIDER-ENGLISH-e1673477753566.png\" height=\"511\" width=\"1160\" alt=\"Alkatr\u00e9szek szikv\u00edzk\u00e9sz\u00edt\u00e9shez\" class=\"slider-21 slide-67\" title=\"Gy\u00f6r\u00f6k Ltd.\" \/><\/li>\n            <\/ul>\n        <\/div>\n        \n    <\/div>\n<\/div>\n<div class=\"clr\"><\/div>\n<div id=\"divider\"><\/div>\n<\/div>\n<p style=\"margin: 0px;\"><!-- R\u00d3LUNK--><\/p>\n<div id=\"content_box\" class=\"grid col-1160\">\n<div id=\"rolunk\"><\/div>\n<div class=\"container-rolunk\">\n<div id=\"rolunk_left\" class=\"grid col-620\"><img loading=\"lazy\" decoding=\"async\" class=\"alignnone size-full wp-image-2553\" src=\"https:\/\/szikvizalkatresz.hu\/wp-content\/uploads\/2022\/04\/csarnok2.png\" alt=\"\" width=\"685\" height=\"511\" srcset=\"https:\/\/szikvizalkatresz.hu\/wp-content\/uploads\/2022\/04\/csarnok2.png 685w, https:\/\/szikvizalkatresz.hu\/wp-content\/uploads\/2022\/04\/csarnok2-300x224.png 300w, https:\/\/szikvizalkatresz.hu\/wp-content\/uploads\/2022\/04\/csarnok2-100x75.png 100w, https:\/\/szikvizalkatresz.hu\/wp-content\/uploads\/2022\/04\/csarnok2-150x112.png 150w, https:\/\/szikvizalkatresz.hu\/wp-content\/uploads\/2022\/04\/csarnok2-200x149.png 200w, https:\/\/szikvizalkatresz.hu\/wp-content\/uploads\/2022\/04\/csarnok2-450x336.png 450w, https:\/\/szikvizalkatresz.hu\/wp-content\/uploads\/2022\/04\/csarnok2-600x448.png 600w\" sizes=\"auto, (max-width: 685px) 100vw, 685px\" \/><\/div>\n<div id=\"rolunk_right\" class=\"grid col-620\">\n<div class=\"inner\">\n<div id=\"text-rolunk\" style=\"height: auto;\">\n<div class=\"rolunk\">\n<h1>ABOUT US<\/h1>\n<\/div>\n<p>Gy\u00f6r\u00f6k Kft. has been in the seltzer water production industry since 1968.<br \/>\nThe PET bottle that emerged in the water industry in the 90s has revolutionized the production of sparkling water, and an enormous development has begun.\nOur company realized the potential in the new trend and has been manufacturing and distributing seltzer water related products and components since then.<br \/>\nWe also use our products in our seltzer water company, so they are under continuous testing. The competitive situation on the market requires constant improvement and pursuit of the highest quality.<\/p>\n<p>The goal of Gy\u00f6r\u00f6k Ltd is to win and keep customer satisfaction by selling quality products.\nOur warehouse is happy to serve the dear customers by personal pick-up, by postal delivery or in case of large orders by home delivery.<\/p>\n<\/div>\n<\/div>\n<\/div>\n<\/div>\n<div class=\"clr\"><\/div>\n<div id=\"divider\"><\/div>\n<div id=\"container2\">\n<div class=\"img-container\"><a href=\"https:\/\/szikvizalkatresz.hu\/en\/?product_cat=alkatresz-szikvizkesziteshez\"><img loading=\"lazy\" decoding=\"async\" class=\"size-full wp-image-225\" src=\"https:\/\/szikvizalkatresz.hu\/wp-content\/uploads\/2018\/08\/szoda1.png\" alt=\"\" width=\"700\" height=\"650\"><\/a><\/div>\n<div class=\"img-container_center\"><a href=\"https:\/\/szikvizalkatresz.hu\/en\/?product_cat=termekek-ballonos-vizhez\"><img loading=\"lazy\" decoding=\"async\" class=\"size-full wp-image-225\" src=\"https:\/\/szikvizalkatresz.hu\/wp-content\/uploads\/2021\/02\/termekek-ballonos-vizhez.png\" alt=\"\" width=\"700\" height=\"650\"><\/a><\/div>\n<div class=\"img-container_right\"><a href=\"https:\/\/szikvizalkatresz.hu\/en\/?product_cat=szikvizeloallito_berendezesek\"><img loading=\"lazy\" decoding=\"async\" class=\"size-full wp-image-225\" src=\"https:\/\/szikvizalkatresz.hu\/wp-content\/uploads\/2021\/02\/kezd\u0151lap-fot\u00f3.png\" alt=\"\" width=\"700\" height=\"650\"><\/a><\/div>\n<\/div>\n<div class=\"clr\"><\/div>\n<div id=\"divider_smaller\"><\/div>\n<div id=\"container2\">\n<div class=\"link-container\">\n<a href=\"https:\/\/szikvizalkatresz.hu\/en\/?product_cat=alkatresz-szikvizkesziteshez\"><\/p>\n<h1>Products for soda water making<\/h1>\n<p><\/a><a href=\"https:\/\/szikvizalkatresz.hu\/en\/?product_cat=alkatresz-szikvizkesziteshez\"><\/a><\/p>\n<\/div>\n<div class=\"link-container_center\">\n<a href=\"https:\/\/szikvizalkatresz.hu\/en\/?product_cat=termekek-ballonos-vizhez\"><\/p>\n<h1>Products for 19L water bottle<\/h1>\n<p><\/a><a href=\"https:\/\/szikvizalkatresz.hu\/en\/?product_cat=termekek-ballonos-vizhez\"><\/a><\/p>\n<\/div>\n<div class=\"link-container_right\">\n<a href=\"https:\/\/szikvizalkatresz.hu\/en\/?product_cat=szikvizeloallito_berendezesek\"><\/p>\n<h1>Soda water filling machines and spare parts<\/h1>\n<p><\/a><a href=\"https:\/\/szikvizalkatresz.hu\/en\/?product_cat=szikvizeloallito_berendezesek\"><\/a><\/p>\n<\/div>\n<\/div>\n<div id=\"container2_1\">\n<div class=\"img-container2\"><a href=\"https:\/\/szikvizalkatresz.hu\/en\/?product_cat=alkatresz-szikvizkesziteshez\"><img loading=\"lazy\" decoding=\"async\" class=\"size-full wp-image-225\" src=\"https:\/\/szikvizalkatresz.hu\/wp-content\/uploads\/2018\/08\/szoda1.png\" alt=\"\" width=\"700\" height=\"650\"><\/a><\/div>\n<div class=\"link-container2\">\n<a href=\"https:\/\/szikvizalkatresz.hu\/en\/?product_cat=alkatresz-szikvizkesziteshez\"><\/p>\n<h1>Products for soda water production<\/h1>\n<p><\/a><a href=\"https:\/\/szikvizalkatresz.hu\/en\/?product_cat=alkatresz-szikvizkesziteshez\"><\/a><\/p>\n<\/div>\n<div class=\"clr\"><\/div>\n<div id=\"divider\"><\/div>\n<div class=\"img-container_center2\"><img loading=\"lazy\" decoding=\"async\" class=\"size-full wp-image-225\" src=\"https:\/\/szikvizalkatresz.hu\/wp-content\/uploads\/2018\/08\/termekek-ballonos-vizhez-2.png\" alt=\"\" width=\"700\" height=\"650\"><\/div>\n<div class=\"link-container_center2\">\n<a href=\"https:\/\/szikvizalkatresz.hu\/en\/?product_cat=termekek-ballonos-vizhez\"><\/p>\n<h1>Products for 19L water bottle<\/h1>\n<p><\/a><a href=\"https:\/\/szikvizalkatresz.hu\/en\/?product_cat=termekek-ballonos-vizhez\"><\/a><\/p>\n<\/div>\n<div class=\"clr\"><\/div>\n<div id=\"divider\"><\/div>\n<div class=\"img-container_right2\"><img loading=\"lazy\" decoding=\"async\" class=\"size-full wp-image-225\" src=\"http:\/\/gyorokkft.hu\/wordpress\/wp-content\/uploads\/2018\/05\/gyorokgep.png\" alt=\"\" width=\"700\" height=\"650\"><\/div>\n<div class=\"link-container_right2\">\n<a href=\"https:\/\/szikvizalkatresz.hu\/en\/?product_cat=szikvizeloallito_berendezesek\"><\/p>\n<h1>Soda water filling equipments and spare parts<\/h1>\n<p><\/a><a href=\"https:\/\/szikvizalkatresz.hu\/en\/?product_cat=szikvizeloallito_berendezesek\"><\/a><\/p>\n<\/div>\n<\/div>\n<div class=\"clr\"><\/div>\n<div id=\"divider\"><\/div>\n<\/div>","protected":false},"excerpt":{"rendered":"<p>R\u00d3LUNK A Gy\u00f6r\u00f6k Kft. 1968 \u00f3ta foglalkozik szikv\u00edzk\u00e9sz\u00edt\u00e9ssel. Kezdetben egy\u00e9ni v\u00e1llalkoz\u00e1sk\u00e9nt, majd 1999 \u00f3ta Kft. form\u00e1j\u00e1ban. A szikv\u00edziparban a 90-es \u00e9vekben megjelen\u0151 PET palack forradalmas\u00edtotta a szikv\u00edzgy\u00e1rt\u00e1st, hatalmas fejl\u0151d\u00e9s vette kezdet\u00e9t. Megl\u00e1tva a benne rejl\u0151 lehet\u0151s\u00e9geket, c\u00e9g\u00fcnk kezdetekt\u0151l fogva gy\u00e1rt<span class=\"ellipsis\">&hellip;<\/span><\/p>\n<div class=\"read-more\"><a href=\"https:\/\/szikvizalkatresz.hu\/en\/\" data-no-translation=\"\" data-trp-gettext=\"\">Read more &#8250;<\/a><\/div>\n<p><!-- end of .read-more --><\/p>","protected":false},"author":1,"featured_media":0,"parent":0,"menu_order":0,"comment_status":"closed","ping_status":"closed","template":"full-width-page.php","meta":{"footnotes":""},"class_list":["post-11","page","type-page","status-publish","hentry"],"aioseo_notices":[],"_links":{"self":[{"href":"https:\/\/szikvizalkatresz.hu\/en\/wp-json\/wp\/v2\/pages\/11","targetHints":{"allow":["GET"]}}],"collection":[{"href":"https:\/\/szikvizalkatresz.hu\/en\/wp-json\/wp\/v2\/pages"}],"about":[{"href":"https:\/\/szikvizalkatresz.hu\/en\/wp-json\/wp\/v2\/types\/page"}],"author":[{"embeddable":true,"href":"https:\/\/szikvizalkatresz.hu\/en\/wp-json\/wp\/v2\/users\/1"}],"replies":[{"embeddable":true,"href":"https:\/\/szikvizalkatresz.hu\/en\/wp-json\/wp\/v2\/comments?post=11"}],"version-history":[{"count":38,"href":"https:\/\/szikvizalkatresz.hu\/en\/wp-json\/wp\/v2\/pages\/11\/revisions"}],"predecessor-version":[{"id":2565,"href":"https:\/\/szikvizalkatresz.hu\/en\/wp-json\/wp\/v2\/pages\/11\/revisions\/2565"}],"wp:attachment":[{"href":"https:\/\/szikvizalkatresz.hu\/en\/wp-json\/wp\/v2\/media?parent=11"}],"curies":[{"name":"wp","href":"https:\/\/api.w.org\/{rel}","templated":true}]}}