{"id":543,"date":"2019-06-24T17:53:43","date_gmt":"2019-06-24T17:53:43","guid":{"rendered":"https:\/\/szikvizalkatresz.hu\/?post_type=product&#038;p=543"},"modified":"2025-09-01T01:06:01","modified_gmt":"2025-09-01T01:06:01","slug":"uveg-1l-hasznalt-rozsdamentes-fejjel","status":"publish","type":"product","link":"http:\/\/szikvizalkatresz.hu\/en\/product\/uveg-1l-hasznalt-rozsdamentes-fejjel\/","title":{"rendered":"22.  1L glass soda bottle (reconditioined) with stainless steel head"},"content":{"rendered":"","protected":false},"excerpt":{"rendered":"<p>Request a quote<\/p>\n<p>Material: Glass, glass tube, stainless steel KO36<br \/>\nColor: polished surface<br \/>\nAdditional info: pressure tested bottles from Orosh\u00e1za and Salg\u00f3tarj\u00e1n<\/p>\n<div class=\"read-more\"><a href=\"http:\/\/szikvizalkatresz.hu\/en\/product\/uveg-1l-hasznalt-rozsdamentes-fejjel\/\" data-no-translation=\"\" data-trp-gettext=\"\">Read more &#8250;<\/a><\/div>\n<p><!-- end of .read-more --><\/p>","protected":false},"featured_media":544,"comment_status":"open","ping_status":"closed","template":"","meta":[],"product_cat":[29,100],"product_tag":[63,64,102],"class_list":["post-543","product","type-product","status-publish","has-post-thumbnail","hentry","product_cat-alkatresz-szikvizkesziteshez","product_cat-szodasuveg","product_tag-alkatresz","product_tag-szikvizkeszites","product_tag-szodasuveg"],"aioseo_notices":[],"_links":{"self":[{"href":"http:\/\/szikvizalkatresz.hu\/en\/wp-json\/wp\/v2\/product\/543","targetHints":{"allow":["GET"]}}],"collection":[{"href":"http:\/\/szikvizalkatresz.hu\/en\/wp-json\/wp\/v2\/product"}],"about":[{"href":"http:\/\/szikvizalkatresz.hu\/en\/wp-json\/wp\/v2\/types\/product"}],"replies":[{"embeddable":true,"href":"http:\/\/szikvizalkatresz.hu\/en\/wp-json\/wp\/v2\/comments?post=543"}],"wp:featuredmedia":[{"embeddable":true,"href":"http:\/\/szikvizalkatresz.hu\/en\/wp-json\/wp\/v2\/media\/544"}],"wp:attachment":[{"href":"http:\/\/szikvizalkatresz.hu\/en\/wp-json\/wp\/v2\/media?parent=543"}],"wp:term":[{"taxonomy":"product_cat","embeddable":true,"href":"http:\/\/szikvizalkatresz.hu\/en\/wp-json\/wp\/v2\/product_cat?post=543"},{"taxonomy":"product_tag","embeddable":true,"href":"http:\/\/szikvizalkatresz.hu\/en\/wp-json\/wp\/v2\/product_tag?post=543"}],"curies":[{"name":"wp","href":"https:\/\/api.w.org\/{rel}","templated":true}]}}