{"id":776,"date":"2020-06-05T21:04:29","date_gmt":"2020-06-05T21:04:29","guid":{"rendered":"https:\/\/szikvizalkatresz.hu\/?page_id=776"},"modified":"2020-06-14T21:07:10","modified_gmt":"2020-06-14T21:07:10","slug":"impresszum","status":"publish","type":"page","link":"http:\/\/szikvizalkatresz.hu\/en\/impresszum\/","title":{"rendered":"Impressum"},"content":{"rendered":"<div id=\"content_box\" class=\"grid col-1160\">\n<div class=\"container-rolunk\" style=\"margin-top: 2em; margin-bottom: 2em; padding-top: 2em; padding-bottom: 2em;\">\n<div class=\"vizadagolo_top_text\" style=\"max-width: 900px; margin: auto; width: 95%;\">\n<h1 style=\"text-align: left;\"><strong>Impresszum:<\/strong><\/h1>\n<p>C\u00e9gn\u00e9v: Gy\u00f6r\u00f6k Kft.<br \/>\nC\u00edm: 2314 Hal\u00e1sztelek, Hajnal u. 6.<br \/>\nTelefon: : +36 24 532 350<br \/>\nE-mail: info@gyorokkft.hu<br \/>\nInternet: http:\/\/www.gyorokszoda.hu\/<br \/>\nA c\u00e9get bejegyz\u0151 hat\u00f3s\u00e1g: Budapest K\u00f6rny\u00e9ki T\u00f6rv\u00e9nysz\u00e9k C\u00e9gb\u00edr\u00f3s\u00e1ga<br \/>\nC\u00e9gjegyz\u00e9ksz\u00e1m: 13-09-082862<br \/>\nAd\u00f3sz\u00e1m: 11883531-2-13<br \/>\nKamara: Budapesti Kereskedelmi \u00e9s Iparkamara<br \/>\nT\u00e1rhelyszolg\u00e1ltat\u00f3: SZTJ Informatikai \u00e9s Oktat\u00e1si Szolg\u00e1ltat\u00f3 Kft. \/\/ info@sztj.hu<\/p>\n<\/div>\n<\/div>\n<\/div>","protected":false},"excerpt":{"rendered":"<p>Impresszum: C\u00e9gn\u00e9v: Gy\u00f6r\u00f6k Kft. C\u00edm: 2314 Hal\u00e1sztelek, Hajnal u. 6. Telefon: : +36 24 532 350 E-mail: info@gyorokkft.hu Internet: http:\/\/www.gyorokszoda.hu\/ A c\u00e9get bejegyz\u0151 hat\u00f3s\u00e1g: Budapest K\u00f6rny\u00e9ki T\u00f6rv\u00e9nysz\u00e9k C\u00e9gb\u00edr\u00f3s\u00e1ga C\u00e9gjegyz\u00e9ksz\u00e1m: 13-09-082862 Ad\u00f3sz\u00e1m: 11883531-2-13 Kamara: Budapesti Kereskedelmi \u00e9s Iparkamara T\u00e1rhelyszolg\u00e1ltat\u00f3: SZTJ Informatikai<span class=\"ellipsis\">&hellip;<\/span><\/p>\n<div class=\"read-more\"><a href=\"http:\/\/szikvizalkatresz.hu\/en\/impresszum\/\" data-no-translation=\"\" data-trp-gettext=\"\">Read more &#8250;<\/a><\/div>\n<p><!-- end of .read-more --><\/p>","protected":false},"author":1,"featured_media":0,"parent":0,"menu_order":0,"comment_status":"closed","ping_status":"closed","template":"full-width-page.php","meta":{"footnotes":""},"class_list":["post-776","page","type-page","status-publish","hentry"],"aioseo_notices":[],"_links":{"self":[{"href":"http:\/\/szikvizalkatresz.hu\/en\/wp-json\/wp\/v2\/pages\/776","targetHints":{"allow":["GET"]}}],"collection":[{"href":"http:\/\/szikvizalkatresz.hu\/en\/wp-json\/wp\/v2\/pages"}],"about":[{"href":"http:\/\/szikvizalkatresz.hu\/en\/wp-json\/wp\/v2\/types\/page"}],"author":[{"embeddable":true,"href":"http:\/\/szikvizalkatresz.hu\/en\/wp-json\/wp\/v2\/users\/1"}],"replies":[{"embeddable":true,"href":"http:\/\/szikvizalkatresz.hu\/en\/wp-json\/wp\/v2\/comments?post=776"}],"version-history":[{"count":4,"href":"http:\/\/szikvizalkatresz.hu\/en\/wp-json\/wp\/v2\/pages\/776\/revisions"}],"predecessor-version":[{"id":786,"href":"http:\/\/szikvizalkatresz.hu\/en\/wp-json\/wp\/v2\/pages\/776\/revisions\/786"}],"wp:attachment":[{"href":"http:\/\/szikvizalkatresz.hu\/en\/wp-json\/wp\/v2\/media?parent=776"}],"curies":[{"name":"wp","href":"https:\/\/api.w.org\/{rel}","templated":true}]}}